{"id":155,"date":"2018-06-16T22:13:18","date_gmt":"2018-06-16T22:13:18","guid":{"rendered":"http:\/\/lewandowskinet.pl\/?page_id=155"},"modified":"2022-02-08T22:04:34","modified_gmt":"2022-02-08T22:04:34","slug":"wspolpraca","status":"publish","type":"page","link":"https:\/\/lewandowskinet.pl\/?page_id=155","title":{"rendered":"WSP\u00d3\u0141PRACA"},"content":{"rendered":"\t\t<div data-elementor-type=\"wp-post\" data-elementor-id=\"155\" class=\"elementor elementor-155\">\n\t\t\t\t\t\t<section class=\"elementor-section elementor-top-section elementor-element elementor-element-171542a elementor-section-boxed elementor-section-height-default elementor-section-height-default\" data-id=\"171542a\" data-element_type=\"section\">\n\t\t\t\t\t\t<div class=\"elementor-container elementor-column-gap-default\">\n\t\t\t\t\t<div class=\"elementor-column elementor-col-100 elementor-top-column elementor-element elementor-element-f084bc6\" data-id=\"f084bc6\" data-element_type=\"column\">\n\t\t\t<div class=\"elementor-widget-wrap elementor-element-populated\">\n\t\t\t\t\t\t<div class=\"elementor-element elementor-element-4e811bd elementor-widget elementor-widget-text-editor\" data-id=\"4e811bd\" data-element_type=\"widget\" data-widget_type=\"text-editor.default\">\n\t\t\t\t<div class=\"elementor-widget-container\">\n\t\t\t\t\t\t\t\t\t<p><em>Stale obserwujemy rozwijaj\u0105cy si\u0119 rynek i na bie\u017c\u0105co \u015bledzimy wszystkie nowe technologie, kt\u00f3re staramy si\u0119 w jak najlepszy spos\u00f3b wprowadzi\u0107 do Pa\u0144stwa firm. Zapewniamy naszym klientom najnowsze rozwi\u0105zania dost\u0119pne na rynku. Dbamy o poprawne dzia\u0142anie ca\u0142ego systemu informatycznego i du\u017cy nacisk k\u0142adziemy na bezpiecze\u0144stwo danych, jak r\u00f3wnie\u017c na bezawaryjno\u015b\u0107. Tworzymy od podstaw infrastruktur\u0119 sieciow\u0105, kt\u00f3r\u0105 nast\u0119pnie administrujemy. Dla ka\u017cdego klienta dobieramy indywidualn\u0105 ofert\u0119 w zale\u017cno\u015bci od jego potrzeb i oczekiwa\u0144. Dopasowujemy rozwi\u0105zania bior\u0105c pod uwag\u0119 m.in: profil dzia\u0142alno\u015bci, oprogramowanie, ilo\u015b\u0107 stanowisk. \u015awiadczymy us\u0142ugi na terenie wojew\u00f3dztwa Podkarpackiego, przy wi\u0119kszych projektach jeste\u015bmy w stanie podj\u0105\u0107 si\u0119 zlece\u0144 w\u00a0 innych wojew\u00f3dztwach.<\/em><em style=\"text-indent: 0em; text-align: inherit;\">\u00a0 \u00a0 \u00a0 \u00a0 \u00a0 \u00a0 \u00a0 \u00a0 \u00a0 \u00a0 \u00a0 \u00a0 \u00a0 \u00a0 \u00a0 Poni\u017cej przedstawiamy najcz\u0119\u015bciej wybierane pakiety sta\u0142ej administracji IT :\u00a0 Z\u0142oty, Srebrny i Br\u0105zowy. Istnieje mo\u017cliwo\u015b\u0107 stworzenia pakietu indywidualnego.<\/em><\/p>\t\t\t\t\t\t\t\t<\/div>\n\t\t\t\t<\/div>\n\t\t\t\t\t<\/div>\n\t\t<\/div>\n\t\t\t\t\t<\/div>\n\t\t<\/section>\n\t\t\t\t<section class=\"elementor-section elementor-top-section elementor-element elementor-element-3186129 elementor-section-boxed elementor-section-height-default elementor-section-height-default\" data-id=\"3186129\" data-element_type=\"section\">\n\t\t\t\t\t\t<div class=\"elementor-container elementor-column-gap-default\">\n\t\t\t\t\t<div class=\"elementor-column elementor-col-33 elementor-top-column elementor-element elementor-element-571218c\" data-id=\"571218c\" data-element_type=\"column\">\n\t\t\t<div class=\"elementor-widget-wrap elementor-element-populated\">\n\t\t\t\t\t\t<div class=\"elementor-element elementor-element-344a1fa elementor-widget elementor-widget-text-editor\" data-id=\"344a1fa\" data-element_type=\"widget\" data-widget_type=\"text-editor.default\">\n\t\t\t\t<div class=\"elementor-widget-container\">\n\t\t\t\t\t\t\t\t\t<h1><span style=\"text-decoration-line: underline;\"><strong>\u00a0 \u00a0 \u00a0 \u00a0PAKIET Z\u0141OTY<\/strong>\u00a0___<\/span><\/h1><table style=\"height: 255px;\" width=\"338\"><tbody><tr><td width=\"148\"><p>Plan<\/p><\/td><td width=\"130\"><p><strong>Ilo\u015b\u0107 wezwa\u0144<\/strong><\/p><p><strong>(w miesi\u0105cu)<\/strong><\/p><\/td><td width=\"139\"><p><strong>Czas usuni\u0119cia awarii <\/strong><\/p><\/td><\/tr><tr><td width=\"148\"><p><strong>Pakiet Z\u0142oty <\/strong><\/p><\/td><td width=\"130\"><p>do 12*<\/p><\/td><td width=\"139\"><p>2 godziny<\/p><\/td><\/tr><tr><td width=\"148\"><p><strong>Pakiet Z\u0142oty\u00a0<\/strong><\/p><\/td><td width=\"130\"><p>do 12*<\/p><\/td><td width=\"139\"><p>4 godziny<\/p><\/td><\/tr><\/tbody><\/table><p>&#8211; Nadzorowanie i zarz\u0105dzanie systemem operacyjnym Windows<\/p><p>&#8211; Aktualizacja i analiza system\u00f3w Antywirusowych zainstalowanych w firmie<\/p><p>&#8211; Administracja oprogramowania specjalistycznego (Ksi\u0119gowo\u015b\u0107, Sprzeda\u017c)<\/p><p>&#8211; Tworzenie backup\u00f3w danych na zewn\u0119trzne serwer FTP<\/p><p>\u00a0 komputerami w firmie<\/p><p>&#8211; Usuwanie z\u0142o\u015bliwego oprogramowania<\/p><p>&#8211; Analiza ruchu sieciowego w firmie<\/p><p>&#8211; Sprawdzenie poprawno\u015bci zrobionych backup\u00f3w \u00a0<\/p><p>&#8211; Zdalna pomoc \u2013 (po\u0142\u0105cznie online z firm\u0105 w razie potrzeby szybkiej reakcja)<\/p><p>&#8211; Sprawdzenie poprawno\u015bci zrobionych backup\u00f3w \u00a0<\/p><p>&#8211; Obowi\u0105zkowa wizyta serwisanta 2 razy w miesi\u0105cu<\/p><p>&#8211; Usuwanie awarii w ci\u0105gu 2 lub 4 godzin od zg\u0142oszenia<\/p><p>&#8211; W przypadku problem\u00f3w ze sprz\u0119tem do 12 wizyty serwisanta w miesi\u0105cu<\/p>\t\t\t\t\t\t\t\t<\/div>\n\t\t\t\t<\/div>\n\t\t\t\t\t<\/div>\n\t\t<\/div>\n\t\t\t\t<div class=\"elementor-column elementor-col-33 elementor-top-column elementor-element elementor-element-2e21464\" data-id=\"2e21464\" data-element_type=\"column\">\n\t\t\t<div class=\"elementor-widget-wrap elementor-element-populated\">\n\t\t\t\t\t\t<div class=\"elementor-element elementor-element-ae5e56f elementor-widget elementor-widget-text-editor\" data-id=\"ae5e56f\" data-element_type=\"widget\" data-widget_type=\"text-editor.default\">\n\t\t\t\t<div class=\"elementor-widget-container\">\n\t\t\t\t\t\t\t\t\t<h1><span style=\"text-decoration: underline;\"><strong>\u00a0 \u00a0 PAKIET SREBRNY__<\/strong><\/span><\/h1><table style=\"height: 264px;\" width=\"375\"><tbody><tr><td width=\"177\"><p>Plan<\/p><\/td><td width=\"142\"><p><strong>Ilo\u015b\u0107 wezwa\u0144<\/strong><\/p><p><strong>(w miesi\u0105cu)<\/strong><\/p><\/td><td width=\"142\"><p><strong>Czas usuni\u0119cia awarii <\/strong><\/p><\/td><\/tr><tr><td width=\"177\"><p><strong>Pakiet Srebrny <\/strong><\/p><\/td><td width=\"142\"><p>do 8*<\/p><\/td><td width=\"142\"><p>8 godziny<\/p><\/td><\/tr><tr><td width=\"177\"><p><strong>Pakiet Srebrny<\/strong><\/p><\/td><td width=\"142\"><p>do 8*<\/p><\/td><td width=\"142\"><p>12 godziny<\/p><\/td><\/tr><\/tbody><\/table><p>&#8211; Nadzorowanie i zarz\u0105dzanie systemem operacyjnym Windows<\/p><p>&#8211; Aktualizacja i analiza system\u00f3w Antywirusowych zainstalowanych w firmie<\/p><p>&#8211; Administracja oprogramowania specjalistycznego (Ksi\u0119gowo\u015b\u0107, Sprzeda\u017c)<\/p><p>&#8211; Tworzenie backup\u00f3w danych na zewn\u0119trzne serwer FTP<\/p><p>\u00a0 komputerami w firmie<\/p><p>&#8211; Usuwanie z\u0142o\u015bliwego oprogramowania<\/p><p>&#8211; Analiza ruchu sieciowego w firmie<\/p><p>&#8211; Sprawdzenie poprawno\u015bci zrobionych backup\u00f3w \u00a0<\/p><p>&#8211; Zdalna pomoc \u2013 (po\u0142\u0105cznie online z firm\u0105 w razie potrzeby szybkiej reakcj)<\/p><p>&#8211; Usuwanie awarii w ci\u0105gu 8 lub 12 godzin od zg\u0142oszenia<\/p><p>&#8211; W przypadku problem\u00f3w ze sprz\u0119tem do 8 wizyty serwisanta w miesi\u0105cu<\/p>\t\t\t\t\t\t\t\t<\/div>\n\t\t\t\t<\/div>\n\t\t\t\t\t<\/div>\n\t\t<\/div>\n\t\t\t\t<div class=\"elementor-column elementor-col-33 elementor-top-column elementor-element elementor-element-0932606\" data-id=\"0932606\" data-element_type=\"column\">\n\t\t\t<div class=\"elementor-widget-wrap elementor-element-populated\">\n\t\t\t\t\t\t<div class=\"elementor-element elementor-element-888d4ab elementor-widget elementor-widget-text-editor\" data-id=\"888d4ab\" data-element_type=\"widget\" data-widget_type=\"text-editor.default\">\n\t\t\t\t<div class=\"elementor-widget-container\">\n\t\t\t\t\t\t\t\t\t<h1><span style=\"text-decoration: underline;\">&nbsp; &nbsp; PAKIET BR\u0104ZOWY&nbsp;&nbsp;<\/span><\/h1>\n<table style=\"height: 262px;\" width=\"387\">\n<tbody>\n<tr>\n<td width=\"210\">\n<p>Plan<\/p>\n<\/td>\n<td width=\"165\">\n<p><strong>Ilo\u015b\u0107 wezwa\u0144<\/strong><\/p>\n<p><strong>(w miesi\u0105cu)<\/strong><\/p>\n<\/td>\n<td width=\"233\">\n<p><strong>Czas usuni\u0119cia awarii <\/strong><\/p>\n<\/td>\n<\/tr>\n<tr>\n<td width=\"210\">\n<p><strong>Pakiet Br\u0105zowy <\/strong><\/p>\n<\/td>\n<td width=\"165\">\n<p>do 4*<\/p>\n<\/td>\n<td width=\"233\">\n<p>24 godzin<\/p>\n<\/td>\n<\/tr>\n<tr>\n<td width=\"210\">\n<p><strong>Pakiet Br\u0105zowy<\/strong><\/p>\n<\/td>\n<td width=\"165\">\n<p>do 4*<\/p>\n<\/td>\n<td width=\"233\">\n<p>36 godzin<\/p>\n<\/td>\n<\/tr>\n<\/tbody>\n<\/table>\n<p>&#8211; Nadzorowanie i zarz\u0105dzanie systemem operacyjnym Windows<\/p>\n<p>&#8211; Aktualizacja i analiza system\u00f3w Antywirusowych zainstalowanych w firmie<\/p>\n<p>&#8211; Administracja oprogramowania specjalistycznego (Ksi\u0119gowo\u015b\u0107, Sprzeda\u017c)<\/p>\n<p>&#8211; Tworzenie backup\u00f3w danych na zewn\u0119trzne serwer FTP<\/p>\n<p>&nbsp; komputerami w firmie<\/p>\n<p>&#8211; Usuwanie z\u0142o\u015bliwego oprogramowania<\/p>\n<p>&#8211; Usuwanie awarii w ci\u0105gu 24 lub 36 godzin dni od zg\u0142oszenia<\/p>\n<p>&#8211; W przypadku problem\u00f3w ze sprz\u0119tem 4 wizyty serwisanta w miesi\u0105cu<\/p>\t\t\t\t\t\t\t\t<\/div>\n\t\t\t\t<\/div>\n\t\t\t\t\t<\/div>\n\t\t<\/div>\n\t\t\t\t\t<\/div>\n\t\t<\/section>\n\t\t\t\t<\/div>\n\t\t","protected":false},"excerpt":{"rendered":"<p>Stale obserwujemy rozwijaj\u0105cy si\u0119 rynek i na bie\u017c\u0105co \u015bledzimy wszystkie nowe technologie, kt\u00f3re staramy si\u0119 w jak najlepszy spos\u00f3b wprowadzi\u0107 do Pa\u0144stwa firm. Zapewniamy naszym klientom najnowsze rozwi\u0105zania dost\u0119pne na rynku. Dbamy o poprawne dzia\u0142anie ca\u0142ego systemu informatycznego i du\u017cy nacisk k\u0142adziemy na bezpiecze\u0144stwo danych, jak r\u00f3wnie\u017c na bezawaryjno\u015b\u0107. Tworzymy &hellip;<\/p>\n","protected":false},"author":2,"featured_media":0,"parent":0,"menu_order":0,"comment_status":"closed","ping_status":"closed","template":"","meta":{"footnotes":""},"class_list":["post-155","page","type-page","status-publish","hentry"],"yoast_head":"<!-- This site is optimized with the Yoast SEO plugin v25.3 - https:\/\/yoast.com\/wordpress\/plugins\/seo\/ -->\n<title>WSP\u00d3\u0141PRACA - LEWANDOWSKI NET<\/title>\n<meta name=\"robots\" content=\"index, follow, max-snippet:-1, max-image-preview:large, max-video-preview:-1\" \/>\n<link rel=\"canonical\" href=\"https:\/\/lewandowskinet.pl\/?page_id=155\" \/>\n<meta property=\"og:locale\" content=\"pl_PL\" \/>\n<meta property=\"og:type\" content=\"article\" \/>\n<meta property=\"og:title\" content=\"WSP\u00d3\u0141PRACA - LEWANDOWSKI NET\" \/>\n<meta property=\"og:description\" content=\"Stale obserwujemy rozwijaj\u0105cy si\u0119 rynek i na bie\u017c\u0105co \u015bledzimy wszystkie nowe technologie, kt\u00f3re staramy si\u0119 w jak najlepszy spos\u00f3b wprowadzi\u0107 do Pa\u0144stwa firm. Zapewniamy naszym klientom najnowsze rozwi\u0105zania dost\u0119pne na rynku. Dbamy o poprawne dzia\u0142anie ca\u0142ego systemu informatycznego i du\u017cy nacisk k\u0142adziemy na bezpiecze\u0144stwo danych, jak r\u00f3wnie\u017c na bezawaryjno\u015b\u0107. Tworzymy &hellip;\" \/>\n<meta property=\"og:url\" content=\"https:\/\/lewandowskinet.pl\/?page_id=155\" \/>\n<meta property=\"og:site_name\" content=\"LEWANDOWSKI NET\" \/>\n<meta property=\"article:publisher\" content=\"https:\/\/www.facebook.com\/LewandowskiNet\" \/>\n<meta property=\"article:modified_time\" content=\"2022-02-08T22:04:34+00:00\" \/>\n<meta name=\"twitter:card\" content=\"summary_large_image\" \/>\n<meta name=\"twitter:label1\" content=\"Szacowany czas czytania\" \/>\n\t<meta name=\"twitter:data1\" content=\"2 minuty\" \/>\n<script type=\"application\/ld+json\" class=\"yoast-schema-graph\">{\"@context\":\"https:\/\/schema.org\",\"@graph\":[{\"@type\":\"WebPage\",\"@id\":\"https:\/\/lewandowskinet.pl\/?page_id=155\",\"url\":\"https:\/\/lewandowskinet.pl\/?page_id=155\",\"name\":\"WSP\u00d3\u0141PRACA - LEWANDOWSKI NET\",\"isPartOf\":{\"@id\":\"https:\/\/lewandowskinet.pl\/#website\"},\"datePublished\":\"2018-06-16T22:13:18+00:00\",\"dateModified\":\"2022-02-08T22:04:34+00:00\",\"breadcrumb\":{\"@id\":\"https:\/\/lewandowskinet.pl\/?page_id=155#breadcrumb\"},\"inLanguage\":\"pl-PL\",\"potentialAction\":[{\"@type\":\"ReadAction\",\"target\":[\"https:\/\/lewandowskinet.pl\/?page_id=155\"]}]},{\"@type\":\"BreadcrumbList\",\"@id\":\"https:\/\/lewandowskinet.pl\/?page_id=155#breadcrumb\",\"itemListElement\":[{\"@type\":\"ListItem\",\"position\":1,\"name\":\"Strona g\u0142\u00f3wna\",\"item\":\"https:\/\/lewandowskinet.pl\/\"},{\"@type\":\"ListItem\",\"position\":2,\"name\":\"WSP\u00d3\u0141PRACA\"}]},{\"@type\":\"WebSite\",\"@id\":\"https:\/\/lewandowskinet.pl\/#website\",\"url\":\"https:\/\/lewandowskinet.pl\/\",\"name\":\"LEWANDOWSKI NET\",\"description\":\"OUTSOURCING IT | WDRO\u017bENIA | ADMINISTRACJA | US\u0141UGI DLA BIZNESU \",\"publisher\":{\"@id\":\"https:\/\/lewandowskinet.pl\/#organization\"},\"potentialAction\":[{\"@type\":\"SearchAction\",\"target\":{\"@type\":\"EntryPoint\",\"urlTemplate\":\"https:\/\/lewandowskinet.pl\/?s={search_term_string}\"},\"query-input\":{\"@type\":\"PropertyValueSpecification\",\"valueRequired\":true,\"valueName\":\"search_term_string\"}}],\"inLanguage\":\"pl-PL\"},{\"@type\":\"Organization\",\"@id\":\"https:\/\/lewandowskinet.pl\/#organization\",\"name\":\"LEWANDOWSKI NET\",\"url\":\"https:\/\/lewandowskinet.pl\/\",\"logo\":{\"@type\":\"ImageObject\",\"inLanguage\":\"pl-PL\",\"@id\":\"https:\/\/lewandowskinet.pl\/#\/schema\/logo\/image\/\",\"url\":\"https:\/\/lewandowskinet.pl\/wp-content\/uploads\/2025\/04\/logo1_google.jpg\",\"contentUrl\":\"https:\/\/lewandowskinet.pl\/wp-content\/uploads\/2025\/04\/logo1_google.jpg\",\"width\":1360,\"height\":765,\"caption\":\"LEWANDOWSKI NET\"},\"image\":{\"@id\":\"https:\/\/lewandowskinet.pl\/#\/schema\/logo\/image\/\"},\"sameAs\":[\"https:\/\/www.facebook.com\/LewandowskiNet\"]}]}<\/script>\n<!-- \/ Yoast SEO plugin. -->","yoast_head_json":{"title":"WSP\u00d3\u0141PRACA - LEWANDOWSKI NET","robots":{"index":"index","follow":"follow","max-snippet":"max-snippet:-1","max-image-preview":"max-image-preview:large","max-video-preview":"max-video-preview:-1"},"canonical":"https:\/\/lewandowskinet.pl\/?page_id=155","og_locale":"pl_PL","og_type":"article","og_title":"WSP\u00d3\u0141PRACA - LEWANDOWSKI NET","og_description":"Stale obserwujemy rozwijaj\u0105cy si\u0119 rynek i na bie\u017c\u0105co \u015bledzimy wszystkie nowe technologie, kt\u00f3re staramy si\u0119 w jak najlepszy spos\u00f3b wprowadzi\u0107 do Pa\u0144stwa firm. Zapewniamy naszym klientom najnowsze rozwi\u0105zania dost\u0119pne na rynku. Dbamy o poprawne dzia\u0142anie ca\u0142ego systemu informatycznego i du\u017cy nacisk k\u0142adziemy na bezpiecze\u0144stwo danych, jak r\u00f3wnie\u017c na bezawaryjno\u015b\u0107. Tworzymy &hellip;","og_url":"https:\/\/lewandowskinet.pl\/?page_id=155","og_site_name":"LEWANDOWSKI NET","article_publisher":"https:\/\/www.facebook.com\/LewandowskiNet","article_modified_time":"2022-02-08T22:04:34+00:00","twitter_card":"summary_large_image","twitter_misc":{"Szacowany czas czytania":"2 minuty"},"schema":{"@context":"https:\/\/schema.org","@graph":[{"@type":"WebPage","@id":"https:\/\/lewandowskinet.pl\/?page_id=155","url":"https:\/\/lewandowskinet.pl\/?page_id=155","name":"WSP\u00d3\u0141PRACA - LEWANDOWSKI NET","isPartOf":{"@id":"https:\/\/lewandowskinet.pl\/#website"},"datePublished":"2018-06-16T22:13:18+00:00","dateModified":"2022-02-08T22:04:34+00:00","breadcrumb":{"@id":"https:\/\/lewandowskinet.pl\/?page_id=155#breadcrumb"},"inLanguage":"pl-PL","potentialAction":[{"@type":"ReadAction","target":["https:\/\/lewandowskinet.pl\/?page_id=155"]}]},{"@type":"BreadcrumbList","@id":"https:\/\/lewandowskinet.pl\/?page_id=155#breadcrumb","itemListElement":[{"@type":"ListItem","position":1,"name":"Strona g\u0142\u00f3wna","item":"https:\/\/lewandowskinet.pl\/"},{"@type":"ListItem","position":2,"name":"WSP\u00d3\u0141PRACA"}]},{"@type":"WebSite","@id":"https:\/\/lewandowskinet.pl\/#website","url":"https:\/\/lewandowskinet.pl\/","name":"LEWANDOWSKI NET","description":"OUTSOURCING IT | WDRO\u017bENIA | ADMINISTRACJA | US\u0141UGI DLA BIZNESU ","publisher":{"@id":"https:\/\/lewandowskinet.pl\/#organization"},"potentialAction":[{"@type":"SearchAction","target":{"@type":"EntryPoint","urlTemplate":"https:\/\/lewandowskinet.pl\/?s={search_term_string}"},"query-input":{"@type":"PropertyValueSpecification","valueRequired":true,"valueName":"search_term_string"}}],"inLanguage":"pl-PL"},{"@type":"Organization","@id":"https:\/\/lewandowskinet.pl\/#organization","name":"LEWANDOWSKI NET","url":"https:\/\/lewandowskinet.pl\/","logo":{"@type":"ImageObject","inLanguage":"pl-PL","@id":"https:\/\/lewandowskinet.pl\/#\/schema\/logo\/image\/","url":"https:\/\/lewandowskinet.pl\/wp-content\/uploads\/2025\/04\/logo1_google.jpg","contentUrl":"https:\/\/lewandowskinet.pl\/wp-content\/uploads\/2025\/04\/logo1_google.jpg","width":1360,"height":765,"caption":"LEWANDOWSKI NET"},"image":{"@id":"https:\/\/lewandowskinet.pl\/#\/schema\/logo\/image\/"},"sameAs":["https:\/\/www.facebook.com\/LewandowskiNet"]}]}},"_links":{"self":[{"href":"https:\/\/lewandowskinet.pl\/index.php?rest_route=\/wp\/v2\/pages\/155","targetHints":{"allow":["GET"]}}],"collection":[{"href":"https:\/\/lewandowskinet.pl\/index.php?rest_route=\/wp\/v2\/pages"}],"about":[{"href":"https:\/\/lewandowskinet.pl\/index.php?rest_route=\/wp\/v2\/types\/page"}],"author":[{"embeddable":true,"href":"https:\/\/lewandowskinet.pl\/index.php?rest_route=\/wp\/v2\/users\/2"}],"replies":[{"embeddable":true,"href":"https:\/\/lewandowskinet.pl\/index.php?rest_route=%2Fwp%2Fv2%2Fcomments&post=155"}],"version-history":[{"count":21,"href":"https:\/\/lewandowskinet.pl\/index.php?rest_route=\/wp\/v2\/pages\/155\/revisions"}],"predecessor-version":[{"id":270,"href":"https:\/\/lewandowskinet.pl\/index.php?rest_route=\/wp\/v2\/pages\/155\/revisions\/270"}],"wp:attachment":[{"href":"https:\/\/lewandowskinet.pl\/index.php?rest_route=%2Fwp%2Fv2%2Fmedia&parent=155"}],"curies":[{"name":"wp","href":"https:\/\/api.w.org\/{rel}","templated":true}]}}